{"id":753,"date":"2021-03-13T12:12:02","date_gmt":"2021-03-13T12:12:02","guid":{"rendered":"https:\/\/www.muratirgatoglu.com\/?page_id=753"},"modified":"2021-03-13T12:12:03","modified_gmt":"2021-03-13T12:12:03","slug":"sobre-mi","status":"publish","type":"page","link":"https:\/\/www.muratirgatoglu.com\/es\/sobre-mi\/","title":{"rendered":"SOBRE M\u00ed"},"content":{"rendered":"\n<figure class=\"wp-block-image alignwide size-full\"><img decoding=\"async\" width=\"2560\" height=\"1704\" src=\"https:\/\/www.muratirgatoglu.com\/wp-content\/uploads\/murat-irgatoglu-foreign-trade-specialist-export-import-consultant-inspeccion-negocio-1-scaled.jpg\" alt=\"murat irgatoglu foreign trade specialist export import consultant inspeccion negocio\" class=\"wp-image-556\" srcset=\"https:\/\/www.muratirgatoglu.com\/wp-content\/uploads\/murat-irgatoglu-foreign-trade-specialist-export-import-consultant-inspeccion-negocio-1-scaled.jpg 2560w, https:\/\/www.muratirgatoglu.com\/wp-content\/uploads\/murat-irgatoglu-foreign-trade-specialist-export-import-consultant-inspeccion-negocio-1-300x200.jpg 300w, https:\/\/www.muratirgatoglu.com\/wp-content\/uploads\/murat-irgatoglu-foreign-trade-specialist-export-import-consultant-inspeccion-negocio-1-1024x682.jpg 1024w, https:\/\/www.muratirgatoglu.com\/wp-content\/uploads\/murat-irgatoglu-foreign-trade-specialist-export-import-consultant-inspeccion-negocio-1-768x511.jpg 768w, https:\/\/www.muratirgatoglu.com\/wp-content\/uploads\/murat-irgatoglu-foreign-trade-specialist-export-import-consultant-inspeccion-negocio-1-1536x1023.jpg 1536w, https:\/\/www.muratirgatoglu.com\/wp-content\/uploads\/murat-irgatoglu-foreign-trade-specialist-export-import-consultant-inspeccion-negocio-1-2048x1364.jpg 2048w, https:\/\/www.muratirgatoglu.com\/wp-content\/uploads\/murat-irgatoglu-foreign-trade-specialist-export-import-consultant-inspeccion-negocio-1-409x272.jpg 409w\" sizes=\"(max-width: 2560px) 100vw, 2560px\" \/><figcaption> <strong>Consultor de Comercio Exterior<\/strong><br>Fundador de <strong>Makro Export<\/strong> Consulting y <strong>Inspec Trade<\/strong><\/figcaption><\/figure>\n\n\n\n<h2 class=\"has-text-align-center wp-block-heading\">Conoce a Murat Irgato\u011flu<\/h2>\n\n\n\n<hr class=\"wp-block-separator is-style-dots\"\/>\n\n\n\n<p class=\"has-text-align-center has-background\" style=\"background-color:#fcfaf9\">Tengo experiencia en diversos campos en los sectores empresarial y p\u00fablico. Mi trabajo es desarrollar empresas, aumentar el volumen de ventas y pasar a rankings m\u00e1s altos. Cuando los emprendedores hacen su trabajo, los Apoyo con mi experiencia, educaci\u00f3n y nuevos enfoques. Hablo ingl\u00e9s y espa\u00f1ol a un nivel avanzado. Tengo certificaciones para mis habilidades. Estoy seguro de que voy a hacer una gran contribuci\u00f3n a las empresas que trabajan a nivel internacional.<\/p>\n\n\n\n<p class=\"has-text-align-center\">Am of mr friendly by strongly peculiar juvenile. Unpleasant it sufficient simplicity am by friendship no inhabiting. Goodness doubtful material has denoting suitable she two. Dear mean she way and poor bred they come. He otherwise me incommode explained so in remaining. Polite barton in it warmly do county length an. <\/p>\n\n\n\n<hr class=\"wp-block-separator is-style-dots\"\/>\n\n\n\n<div class=\"wp-block-columns has-2-columns is-layout-flex wp-container-core-columns-is-layout-9d6595d7 wp-block-columns-is-layout-flex\">\n<div class=\"wp-block-column is-layout-flow wp-block-column-is-layout-flow\">\n<p class=\"has-text-align-center\">He moonlight difficult engrossed an it sportsmen. Interested has all devonshire difficulty gay assistance joy. Unaffected at ye of compliment alteration to. Place voice no arise along to. Parlors waiting so against me no. Wishing calling are warrant settled was luckily. Express besides it present if at an opinion visitor.<\/p>\n<\/div>\n\n\n\n<div class=\"wp-block-column is-layout-flow wp-block-column-is-layout-flow\">\n<p class=\"has-text-align-center\">He moonlight difficult engrossed an it sportsmen. Interested has all devonshire difficulty gay assistance joy. Unaffected at ye of compliment alteration to. Place voice no arise along to. Parlors waiting so against me no. Wishing calling are warrant settled was luckily. Express besides it present if at an opinion visitor.<\/p>\n<\/div>\n<\/div>\n\n\n\n<div class=\"wp-block-columns has-2-columns is-layout-flex wp-container-core-columns-is-layout-9d6595d7 wp-block-columns-is-layout-flex\">\n<div class=\"wp-block-column is-layout-flow wp-block-column-is-layout-flow\">\n<div class=\"wp-block-button aligncenter\"><a class=\"wp-block-button__link has-background\" href=\"https:\/\/api.whatsapp.com\/send?phone=905302338856\" style=\"border-radius:23px;background-color:#16b60b\" target=\"_blank\" rel=\"noreferrer noopener\">Whatsapp<\/a><\/div>\n<\/div>\n\n\n\n<div class=\"wp-block-column is-layout-flow wp-block-column-is-layout-flow\">\n<div class=\"wp-block-button aligncenter\"><a class=\"wp-block-button__link has-background\" href=\"https:\/\/join.skype.com\/invite\/FJQOvreMglhB\" style=\"border-radius:23px;background-color:#1197eb\" target=\"_blank\" rel=\"noreferrer noopener\">Skype<\/a><\/div>\n<\/div>\n<\/div>\n\n\n\n<hr class=\"wp-block-separator is-style-dots\"\/>\n\n\n\n<p class=\"has-text-align-center\">Have a recipe question, an idea for an upcoming post, or an advertising inquiry? I\u2019d love to hear from you! Check out <a href=\"https:\/\/www.muratirgatoglu.com\/contact\/\">this page to contact me<\/a> and I\u2019ll get back to you as soon as I can.<\/p>\n\n\n\n<div class=\"wp-block-image\"><figure class=\"aligncenter size-large is-resized\"><img decoding=\"async\" src=\"https:\/\/www.muratirgatoglu.com\/wp-content\/uploads\/factory-manufacturer-supplier-in-turkey-fabricante-proveedor-en-turquia-1.jpg\" alt=\"factory manufacturer supplier in turkey fabricante proveedor en turquia 1\" class=\"wp-image-640\" width=\"640\" height=\"320\" srcset=\"https:\/\/www.muratirgatoglu.com\/wp-content\/uploads\/factory-manufacturer-supplier-in-turkey-fabricante-proveedor-en-turquia-1.jpg 640w, https:\/\/www.muratirgatoglu.com\/wp-content\/uploads\/factory-manufacturer-supplier-in-turkey-fabricante-proveedor-en-turquia-1-300x150.jpg 300w, https:\/\/www.muratirgatoglu.com\/wp-content\/uploads\/factory-manufacturer-supplier-in-turkey-fabricante-proveedor-en-turquia-1-409x205.jpg 409w\" sizes=\"(max-width: 640px) 100vw, 640px\" \/><\/figure><\/div>\n","protected":false},"excerpt":{"rendered":"<p>Conoce a Murat Irgato\u011flu Tengo experiencia en diversos campos en los sectores empresarial y p\u00fablico. Mi trabajo es desarrollar empresas, aumentar el volumen de ventas y pasar a rankings m\u00e1s altos. Cuando los emprendedores hacen su trabajo, los Apoyo con&#8230;<\/p>\n","protected":false},"author":1,"featured_media":754,"parent":0,"menu_order":0,"comment_status":"closed","ping_status":"closed","template":"","meta":{"footnotes":""},"class_list":["post-753","page","type-page","status-publish","has-post-thumbnail","hentry"],"_links":{"self":[{"href":"https:\/\/www.muratirgatoglu.com\/es\/wp-json\/wp\/v2\/pages\/753","targetHints":{"allow":["GET"]}}],"collection":[{"href":"https:\/\/www.muratirgatoglu.com\/es\/wp-json\/wp\/v2\/pages"}],"about":[{"href":"https:\/\/www.muratirgatoglu.com\/es\/wp-json\/wp\/v2\/types\/page"}],"author":[{"embeddable":true,"href":"https:\/\/www.muratirgatoglu.com\/es\/wp-json\/wp\/v2\/users\/1"}],"replies":[{"embeddable":true,"href":"https:\/\/www.muratirgatoglu.com\/es\/wp-json\/wp\/v2\/comments?post=753"}],"version-history":[{"count":1,"href":"https:\/\/www.muratirgatoglu.com\/es\/wp-json\/wp\/v2\/pages\/753\/revisions"}],"predecessor-version":[{"id":760,"href":"https:\/\/www.muratirgatoglu.com\/es\/wp-json\/wp\/v2\/pages\/753\/revisions\/760"}],"wp:featuredmedia":[{"embeddable":true,"href":"https:\/\/www.muratirgatoglu.com\/es\/wp-json\/wp\/v2\/media\/754"}],"wp:attachment":[{"href":"https:\/\/www.muratirgatoglu.com\/es\/wp-json\/wp\/v2\/media?parent=753"}],"curies":[{"name":"wp","href":"https:\/\/api.w.org\/{rel}","templated":true}]}}